{"id":1139,"date":"2018-10-23T11:57:30","date_gmt":"2018-10-23T11:57:30","guid":{"rendered":"http:\/\/www.latino13.com\/?page_id=1139"},"modified":"2023-09-03T11:39:47","modified_gmt":"2023-09-03T11:39:47","slug":"wieso-spanisch-lernen","status":"publish","type":"page","link":"https:\/\/www.latino13.com\/?page_id=1139","title":{"rendered":"Wieso Spanisch lernen"},"content":{"rendered":"<p style=\"text-align: center;\"><strong>Zeitungsartikel, Links zum Thema<\/strong><\/p>\n<p><strong>Amerika wird zum zweiten Mal erobert<\/strong><\/p>\n<p>Die Zahl der Spanisch sprechenden Erdbewohner nimmt zu. Auch die Sprache st\u00f6sst auf immer gr\u00f6sseres Interesse. <a href=\"http:\/\/www.latino13.com\/?page_id=1141\" target=\"_blank\" rel=\"noopener\">Weiter lesen&#8230;.<\/a><\/p>\n<p>Dieser Artikel erschien in der <a href=\"https:\/\/www.bernerzeitung.ch\/\" target=\"_blank\" rel=\"noopener\">Berner Zeitung<\/a> am Freitag, 02.11.2001, Abdruck mit freundlicher Genehmigung der <a href=\"https:\/\/www.bernerzeitung.ch\/\" target=\"_blank\" rel=\"noopener\">Berner Zeitung<\/a> und der <a href=\"https:\/\/www.dpa.com\/es\/\" target=\"_blank\" rel=\"noopener\">Deutschen Depeschenagentur<\/a><\/p>\n<p><a href=\"http:\/\/www.latino13.com\/wp-content\/uploads\/2018\/10\/Spanisch-als-Weltsprache-Amerika-wird-zum-zweiten-Mal-erobert.pdf\" target=\"_blank\" rel=\"noopener\">Herunterladen der Originalseite als *.pdf Datei<\/a><\/p>\n<p><strong><br \/>\n\u201cMein Schreibstil ist wie der Kaffee in Ecuador<\/strong>\u201c<\/p>\n<p>Die engadiner Schriftstellerin Leta Semadeni wurde f\u00fcr ihr schriftstellerisches Gesamtwerk geehrt. Sie vergleicht ihren Schreibstil gerne mit dem Kaffee in Ecuador. <a href=\"https:\/\/www.latino13.com\/?page_id=1337\" target=\"_blank\" rel=\"noopener\">Weiter lesen\u2026.<\/a><\/p>\n<p>Dieser Artikel erschien in der Zeitschrift Schweizer Familie <a href=\"http:\/\/www.schweizerfamilie.ch\" target=\"_blank\" rel=\"noopener\">(https:\/\/www.schweizerfamilie.ch)<\/a> Ausgabe 12\/23 im M\u00e4rz 2023, Abdruck mit freundlicher Genehmigung der Schweizer Familie <a href=\"http:\/\/www.schweizerfamilie.ch\" target=\"_blank\" rel=\"noopener\">(https:\/\/www.schweizerfamilie.ch)<\/a><\/p>\n<p>Herunterladen der Originalseite als *.pdf Datei <a href=\"https:\/\/www.latino13.com\/wp-content\/uploads\/2023\/06\/230322_SF_pg_8_Mein-Schreibstil-ist-wie-Kaffee-in-EC.pdf\" target=\"_blank\" rel=\"noopener\">&#8220;230322_Mein-Schreibstil-ist-wie-Kaffee-in EC.pdf&#8221;<\/a><\/p>\n<p><strong><br \/>\nAlle haben grosse Fortschritte gemacht<\/strong><\/p>\n<p>Spanisch ist eine Weltsprache. Das \u00fcberzeugte David Kammermann bei der Wahl seines Schwerpunktfachs am Gymnasium Hofwil. Der 18-j\u00e4hrige Thuner m\u00f6chte nach der Matura ausgiebig reisen und sich mit vielen Menschen verst\u00e4ndigen k\u00f6nnen. <a href=\"http:\/\/www.latino13.com\/?page_id=1273\" target=\"_blank\" rel=\"noopener\">Weiter lesen&#8230;.<\/a><\/p>\n<p>Dieser Artikel erschien in verschiedenen Zeitungen im Oktober 2019. Abdruck mit freundlicher Genehmigung des <a href=\"https:\/\/www.erz.be.ch\/erz\/de\/index\/berufsbildung\/grundbildung\/zeitungsartikel-einsteiger.html\" target=\"_blank\" rel=\"noopener\">Mittelschul- und Berufsbildungsamt des Kt. Berns\u00a0<\/a><\/p>\n<p><a href=\"http:\/\/www.latino13.com\/wp-content\/uploads\/2020\/03\/Einsteiger_20190921_Schwerpunktfach-Spanisch_909595_v1_KW39.pdf\" target=\"_blank\" rel=\"noopener\">Herunterladen der Originalseite als *.pdf Datei<\/a><\/p>\n<p><strong><br \/>\nDie wichtigste Voraussetzung, um eine Sprache zu lernen ist die Motivation<\/strong><\/p>\n<p>Wenn ich Freunde habe, die diese Sprache sprechen, wenn ich die Sprache im Beruf ben\u00f6tige und wenn ich mit Partner oder Familie oft ins Sprachgebiet in die Ferien gehe, bin ich st\u00e4rker daf\u00fcr motiviert, als wenn sich kein Mensch in meinem Umfeld f\u00fcr die Sprache oder das Land interessiert. Der Einstieg in eine neue Sprache ist zudem besonders reizvoll. <a href=\"http:\/\/www.latino13.com\/?page_id=1149\" target=\"_blank\" rel=\"noopener\">Weiter zum Interview mit Verena Steiner &#8211; Expertin f\u00fcr Lern- und Arbeitsstrategien.<\/a><\/p>\n<p>Dieser Artikel erschien in der Zeitschrift <a href=\"https:\/\/www.kfmv.ch\/context\" target=\"_blank\" rel=\"noopener\">Context 2\/15 &#8211; das Magazin f\u00fcr mehr Erfolg im Beruf<\/a>. Abdruck mit freundlicher Genehmigung des\u00a0<a href=\"https:\/\/www.kfmv.ch\/de\/\" target=\"_blank\" rel=\"noopener\">Kaufm\u00e4nnischen Verbands Schweiz<\/a>.<\/p>\n<p><a href=\"http:\/\/www.latino13.com\/wp-content\/uploads\/2018\/10\/1502_Context-DE-2-2015_pg1_3_12-14.pdf\" target=\"_blank\" rel=\"noopener\">Herunterladen der Originalseite als *.pdf Datei<\/a><\/p>\n<p><strong><br \/>\nFacts zur Weltsprache spanisch<\/strong><\/p>\n<p>etwa 400 Millionen Erdbewohner sprechen spanisch<\/p>\n<p>Spanisch ist die viertmeiste gesprochene Sprache der Welt (hinter chinesisch, englisch und hindu). Bei den Muttersprachen rangiert es hinter chinesisch gar auf dem zweiten Platz<\/p>\n<p>Das Spanisch ist dabei, sich neben dem Englischen als die zweite internationale Sprache der Welt zu etablieren (Chinesisch wird zwar von mehr Menschen gesprochen, aber es ist nicht \u00fcber so viele L\u00e4nder verbreitet)<\/p>\n<p>Spanisch wird auf 3 Kontinenten als Muttersprache gesprochen: in den meisten L\u00e4ndern Mittel- und S\u00fcdamerikas, auf der Iberischen Halbinsel in Europa, in einigen spanischen Enklaven und ex Kolonien in Afrika<\/p>\n","protected":false},"excerpt":{"rendered":"<p>Zeitungsartikel, Links zum Thema Amerika wird zum zweiten Mal erobert Die Zahl der Spanisch sprechenden Erdbewohner nimmt zu. Auch die Sprache st\u00f6sst auf immer gr\u00f6sseres Interesse. Weiter lesen&#8230;. Dieser Artikel erschien in der Berner Zeitung am Freitag, 02.11.2001, Abdruck mit freundlicher Genehmigung der Berner Zeitung und der Deutschen Depeschenagentur Herunterladen der Originalseite als *.pdf Datei [&hellip;]<\/p>\n","protected":false},"author":1,"featured_media":0,"parent":0,"menu_order":0,"comment_status":"closed","ping_status":"closed","template":"template-pagewithsidebar.php","meta":{"footnotes":""},"_links":{"self":[{"href":"https:\/\/www.latino13.com\/index.php?rest_route=\/wp\/v2\/pages\/1139"}],"collection":[{"href":"https:\/\/www.latino13.com\/index.php?rest_route=\/wp\/v2\/pages"}],"about":[{"href":"https:\/\/www.latino13.com\/index.php?rest_route=\/wp\/v2\/types\/page"}],"author":[{"embeddable":true,"href":"https:\/\/www.latino13.com\/index.php?rest_route=\/wp\/v2\/users\/1"}],"replies":[{"embeddable":true,"href":"https:\/\/www.latino13.com\/index.php?rest_route=%2Fwp%2Fv2%2Fcomments&post=1139"}],"version-history":[{"count":50,"href":"https:\/\/www.latino13.com\/index.php?rest_route=\/wp\/v2\/pages\/1139\/revisions"}],"predecessor-version":[{"id":1400,"href":"https:\/\/www.latino13.com\/index.php?rest_route=\/wp\/v2\/pages\/1139\/revisions\/1400"}],"wp:attachment":[{"href":"https:\/\/www.latino13.com\/index.php?rest_route=%2Fwp%2Fv2%2Fmedia&parent=1139"}],"curies":[{"name":"wp","href":"https:\/\/api.w.org\/{rel}","templated":true}]}}