{"id":1141,"date":"2018-10-23T11:59:25","date_gmt":"2018-10-23T11:59:25","guid":{"rendered":"http:\/\/www.latino13.com\/?page_id=1141"},"modified":"2018-10-23T11:59:25","modified_gmt":"2018-10-23T11:59:25","slug":"amerika","status":"publish","type":"page","link":"https:\/\/www.latino13.com\/?page_id=1141","title":{"rendered":"Amerika"},"content":{"rendered":"<p><strong>BZ-Bonjour (Freitag, 2. November 2001)<\/strong><\/p>\n<p class=\"style18\" align=\"justify\"><em>Weltsprachen<\/em><\/p>\n<p class=\"style18\" align=\"left\"><strong>Amerika wird zum zweiten Mal erobert <\/strong><\/p>\n<p class=\"style18\" align=\"justify\"><strong>Die Zahl der Spanisch sprechenden Erdbewohner nimmt zu. Auch die Sprache st\u00f6sst auf immer gr\u00f6sseres Interesse.<br \/>\n<\/strong><br \/>\n<em>\u00a0Hubert Kahl<\/em><\/p>\n<p class=\"style18\" align=\"justify\">Derzeit sprechen etwa 400 Millionen Erdbewohner <strong>Spanisch<\/strong>. Damit liegt <strong>Spanisch<\/strong> hinter dem Chinesischen, dem Englischen und dem Hindu an vierter Stelle in der Welt. Bei den Muttersprachen rangiert es hinter Chinesisch gar auf dem zweiten Platz.<\/p>\n<p class=\"style18\" align=\"justify\"><strong>Neues \u00abImperium\u00bb<br \/>\n<\/strong>\u00abDas Spanische ist dabei, sich neben dem Englischen als die zweite internationale Sprache der Welt zu etablieren\u00bb, sagt Jon Juaristi, Direktor des Cervantes-Instituts, das sich f\u00fcr die Verbreitung der spanischen Sprache und Kultur einsetzt. \u00abChinesisch wird zwar von mehr Menschen gesprochen, aber es ist nicht \u00fcber so viele L\u00e4nder verbreitet.\u00bb Der spanische Film und die Latino-Musik erleben einen Boom. Worte wie fiesta, paella oder siesta werden in aller Welt verstanden. \u00abDas Spanische wird die Sprache des 21. Jahrhunderts sein\u00bb, prophezeit der Autor Alex Grijelmo.<br \/>\nAm st\u00e4rksten zeigt sich der Vormarsch in Amerika und in Brasilien. In den USA leben mittlerweile \u00fcber 30 Millionen Einwanderer aus Lateinamerika (\u00abhispanics\u00bb). Damit sind die Vereinigten Staaten hinter Mexiko (96 Millionen Einwohner), Kolumbien (41), Spanien (39) und Argentinien (36) das f\u00fcnftgr\u00f6sste spanischsprachige Land der Welt. \u00abWir erobern die S\u00fcdstaaten der USA zur\u00fcck, welche die Amerikaner Mexiko im 19. Jahrhundert geraubt haben\u00bb, sagte der mexikanische Autor Gabriel Mendoza k\u00fcrzlich. \u00abDas wirkliche spanische Imperium entsteht erst jetzt.\u00bb<\/p>\n<p class=\"style18\" align=\"justify\"><strong>Sprachzwitter Spanglish<br \/>\n<\/strong>In Brasilien herrscht ein wahres <strong>Spanisch<\/strong>-Fieber. In mehreren Bundesstaaten ist <strong>Spanisch<\/strong> Pflichtfach an den Gymnasien. Der Trend hat seine Ursache darin, dass das portugiesischsprachige Brasilien im Rahmen der Wirtschaftsgemeinschaft Mercosur st\u00e4rker mit seinen spanischsprachigen Nachbarn zusammenarbeitet. Zudem ist Spanien zu einem der wichtigsten Investoren in Brasilien aufgestiegen.<br \/>\nDie Ausbreitung des Spanischen birgt aber auch Gefahren f\u00fcr die Sprache selbst. An den Schnittstellen zwischen Nord- und Lateinamerika, wo <strong>Spanisch<\/strong> und Englisch aufeinander prallen, entsteht ein Misch- masch namens Spanglish. Der amerikanische Hispanist Ilan Stavans hat bereits das erste Spanglish-Lexikon mit 6000 W\u00f6rtern zusammengestellt.<\/p>\n<p class=\"style12\" align=\"justify\"><span class=\"style18\"><strong>Im Bildungsbereich \u00abtop\u00bb<br \/>\n<\/strong>Die gr\u00f6sste Schwachstelle des Spanischen sind die Bereiche Wissenschaft und neue Technologien. Im Internet dominiert das Englische mit 70 Prozent der Texte. <strong>Spanisch<\/strong> folgt nach Angaben der Zeitschrift \u00abEcos\u00bb nach Japanisch (5), Deutsch (3,3) und Franz\u00f6sisch (2,0) mit 1,5 Prozent erst an f\u00fcnfter Stelle.<br \/>\nNoch schlechter sieht es in der Forschung aus. Nur f\u00fcnf Promille der wissenschaftlichen Werke in aller Welt erscheinen auf <strong>Spanisch<\/strong>. \u00abDas Problem liegt darin, dass die Mehrheit der spanischsprachigen Leute eher arm ist\u00bb, sagt der Argentinier Martin Varsavsky, Pr\u00e4sident des Telekom- Konzerns Jazztel.<br \/>\nDie grosse St\u00e4rke des Spanischen liegt im Bildungbereich. An Schulen in vielen L\u00e4ndern der Welt l\u00e4uft es dem Deutschen und Franz\u00f6sischen als Fremdsprache immer mehr den Rang ab. In den USA wird <strong>Spanisch<\/strong> an 90 Prozent der Oberschulen angeboten. Das Cervantes-Institut verf\u00fcgt zehn Jahre nach seiner Gr\u00fcndung \u00fcber fast 40 Sprach- und Kulturzentren in 25 L\u00e4ndern. Noch in diesem Jahr sollen Zentren in Berlin und Moskau er\u00f6ffnet werden. \u00a0<em>dpa<\/em><\/span><\/p>\n","protected":false},"excerpt":{"rendered":"<p>BZ-Bonjour (Freitag, 2. November 2001) Weltsprachen Amerika wird zum zweiten Mal erobert Die Zahl der Spanisch sprechenden Erdbewohner nimmt zu. Auch die Sprache st\u00f6sst auf immer gr\u00f6sseres Interesse. \u00a0Hubert Kahl Derzeit sprechen etwa 400 Millionen Erdbewohner Spanisch. Damit liegt Spanisch hinter dem Chinesischen, dem Englischen und dem Hindu an vierter Stelle in der Welt. Bei [&hellip;]<\/p>\n","protected":false},"author":1,"featured_media":0,"parent":0,"menu_order":0,"comment_status":"closed","ping_status":"closed","template":"template-developer.php","meta":{"footnotes":""},"_links":{"self":[{"href":"https:\/\/www.latino13.com\/index.php?rest_route=\/wp\/v2\/pages\/1141"}],"collection":[{"href":"https:\/\/www.latino13.com\/index.php?rest_route=\/wp\/v2\/pages"}],"about":[{"href":"https:\/\/www.latino13.com\/index.php?rest_route=\/wp\/v2\/types\/page"}],"author":[{"embeddable":true,"href":"https:\/\/www.latino13.com\/index.php?rest_route=\/wp\/v2\/users\/1"}],"replies":[{"embeddable":true,"href":"https:\/\/www.latino13.com\/index.php?rest_route=%2Fwp%2Fv2%2Fcomments&post=1141"}],"version-history":[{"count":1,"href":"https:\/\/www.latino13.com\/index.php?rest_route=\/wp\/v2\/pages\/1141\/revisions"}],"predecessor-version":[{"id":1142,"href":"https:\/\/www.latino13.com\/index.php?rest_route=\/wp\/v2\/pages\/1141\/revisions\/1142"}],"wp:attachment":[{"href":"https:\/\/www.latino13.com\/index.php?rest_route=%2Fwp%2Fv2%2Fmedia&parent=1141"}],"curies":[{"name":"wp","href":"https:\/\/api.w.org\/{rel}","templated":true}]}}