{"id":1273,"date":"2020-01-06T18:45:18","date_gmt":"2020-01-06T18:45:18","guid":{"rendered":"http:\/\/www.latino13.com\/?page_id=1273"},"modified":"2020-01-06T20:08:27","modified_gmt":"2020-01-06T20:08:27","slug":"alle-haben-grosse-fortschritte-gemacht","status":"publish","type":"page","link":"https:\/\/www.latino13.com\/?page_id=1273","title":{"rendered":"Alle haben grosse Fortschritte gemacht"},"content":{"rendered":"<p>Schwerpunktfach Spanisch<\/p>\n<p><strong>\u00abAlle haben grosse Fortschritte gemacht\u00bb<\/strong><\/p>\n<p>Spanisch ist eine Weltsprache. Das \u00fcberzeugte David Kammermann bei der Wahl seines Schwerpunktfachs am Gymnasium Hofwil. Der 18-j\u00e4hrige Thuner m\u00f6chte nach der Matura ausgiebig reisen und sich mit vielen Menschen verst\u00e4ndigen k\u00f6nnen.<\/p>\n<p>PETER BRAND<\/p>\n<p><strong>Herr Kammermann, Sie belegen das Schwerpunktfach Spanisch. Warum haben Sie sich f\u00fcr dieses Fach entschieden?<\/strong><\/p>\n<p>Aus ganz pragmatischen Gr\u00fcnden. Ich w\u00e4hlte dieses Fach, weil ich nach dem Gymnasium viel reisen m\u00f6chte. Da wird es sicher von Vorteil sein, wenn ich Spanisch spreche, denn es ist nach Mandarin die am h\u00e4ufigsten gesprochene Sprache auf der Welt. Spanisch sprechen sehr viele Menschen.<\/p>\n<p><strong>Waren Sie bereits einmal in einem spanischsprachigen Land?<\/strong><\/p>\n<p>Ja. Im Rahmen des Schwerpunktfachs hatten wir einen zweiw\u00f6chigen Aufenthalt in einem spanischsprachigen Land zu absolvieren. Ich verbrachte diesen in Valencia. Mithilfe einer Internetplattform fand ich einen Job. Ich erhielt Kost und Logis und half im Gegenzug einem spanischen Ehepaar bei der Renovierung ihrer abgelegenen Steinh\u00fctte. Wir errichteten einen Holzboden im Obergeschoss und erneuerten mit Steinen den Gartenbereich. Dabei kam nat\u00fcrlich auch die Sprache nicht zu kurz, denn bei der Arbeit tauschten wir uns laufend aus.<\/p>\n<p><strong>Sie belegen das Fach bereits seit gut zwei Jahren. Wie gef\u00e4llt es Ihnen?<\/strong><\/p>\n<p>Meine Haupterwartung an das Fach war, dass ich die Grundlagen der Sprache beherrsche, und mich mit spanischsprachigen Menschen verst\u00e4ndigen kann. So gesehen bin ich sehr zufrieden, denn w\u00e4hrend meines Aufenthalts zeigte sich, dass ich mich ganz gut auf Spanisch unterhalten kann. Nat\u00fcrlich fehlte mir in den Gespr\u00e4chen hin und wieder das Vokabular, aber da kamen mir die Leute immer entgegen.<\/p>\n<p><strong>Wenn Sie zur\u00fcckblicken auf den Start: Wie gut waren Ihre Spanischkenntnisse damals?<\/strong><\/p>\n<p>Man braucht f\u00fcr dieses Schwerpunktfach keine Vorkenntnisse. Ausser einigen wenigen W\u00f6rtern, die mir bekannt waren, hatte ich keine Ahnung von der Sprache und startete quasi bei null. Heute sieht das deutlich anders aus. Ich w\u00fcrde nicht sagen, dass ich mich<\/p>\n<p>fliessend unterhalten kann, aber ich verstehe das Meiste und kann mich gut verst\u00e4ndigen. Alle haben in den zwei Jahren grosse Fortschritte gemacht.<\/p>\n<p><strong>Schwerpunktfach Spanisch<\/strong><\/p>\n<p>Spanisch wird ausserhalb von Europa insbesondere in S\u00fcd- und Mittelamerika gesprochen, aber auch in den USA nimmt seine Bedeutung zu. Wer Spanisch spricht, \u00f6ffnet sich den Zugang zu vielen L\u00e4ndern dies- und jenseits des Atlantiks, zu ihrer Kultur und ihrer Geschichte und zu einer reichen und vielseitigen Literatur. Der Unterricht setzt keine Vorkenntnisse voraus. Deshalb liegt das Hauptgewicht auf dem Spracherwerb und der Kommunikation.<\/p>\n<p>Mit dem neuen Lehrgang f\u00fcr den gymnasialen Bildungsgang sind die Schwerpunktf\u00e4cher neu auf vier Jahre angelegt mit derselben Gesamtzahl\u00a0an Lektionen.<\/p>\n<p>Mehr zum Thema: <a href=\"http:\/\/www.erz.be.ch\">www.erz.be.ch<\/a><\/p>\n<p>(Mittelschule &gt; Gymnasien &gt; Gymnasialer Bildungsgang)<\/p>\n<p><strong>Lesen Sie spanische B\u00fccher und Zeitungen? Oder kommt Ihnen das spanisch vor?<\/strong><\/p>\n<p>Wir haben bereits einige spanischsprachige B\u00fccher gelesen. Da klappt die Lekt\u00fcre mittlerweile gut und ohne andauerndes Nachschlagen von W\u00f6rtern, die man nicht versteht. Aber das Handy mit dem \u00dcbersetzungsdienst geh\u00f6rt nat\u00fcrlich trotzdem dazu. Spanische Zeitungen lese ich nicht aus eigenem Antrieb, aber wir lesen und behandeln ausgew\u00e4hlte Zeitungsartikel im Unterricht. Auch Filme und Videos sind immer wieder ein Thema.<\/p>\n<p><strong>Zum Unterricht: Wie viele Lektionen fallen pro Woche an?<\/strong><\/p>\n<p>Im ersten Jahr waren es vier, im zweiten und dritten f\u00fcnf. Am Dienstag steht jeweils ein Block von zwei Lektionen an, am Donnerstag einer von drei Lektionen. Der Blockunterricht ist ergiebig und erlaubt, an einem bestimmten Thema dranzubleiben. Wobei es immer auch gut ist, wenn gen\u00fcgend Abwechslung in den Unterricht kommt.<\/p>\n<p><strong>Wie sieht der Unterricht konkret aus? <\/strong><\/p>\n<p>Sehr unterschiedlich. Wir f\u00fcllen zum Beispiel \u00dcbungsbl\u00e4tter aus, reden miteinander, h\u00f6ren uns etwas an, bringen das Geh\u00f6rte zu Papier und beantworten Fragen dazu, erstellen eine Pr\u00e4sentation, lesen und besprechen B\u00fccher oder einen Zeitungsartikel.<\/p>\n<p>Wir arbeiten mehrheitlich im Klassenverband, aber auch in der Kleingruppe oder alleine. Unsere Klasse besteht aus sieben Sch\u00fclerinnen und drei Sch\u00fclern. Die jungen Frauen sind also in der Mehrheit.<\/p>\n<p><strong>N\u00e4chsten Sommer schliessen Sie Ihre gymnasiale Ausbildung ab. Was machen Sie danach \u2013 wird Spanisch weiterhin eine Rolle in Ihrem Leben spielen?<\/strong><\/p>\n<p>Ich plane eine l\u00e4ngere Weltreise mit dem Fahrrad. Vor allem in S\u00fcd- und Mittelamerika werden mir da meine Spanischkenntnisse von grosser Hilfe sein. Sp\u00e4ter m\u00f6chte ich vielleicht einmal Biologie studieren.<\/p>\n<p>&nbsp;<\/p>\n<p><u>Herausgeber<\/u><\/p>\n<p>Mittelschul- und Berufsbildungsamt<\/p>\n<p><a href=\"http:\/\/www.erz.be.ch\/einsteiger\">www.erz.be.ch\/einsteiger<\/a>)<\/p>\n<p><a href=\"http:\/\/www.erz.be.ch\/berufsbildungsbrief\">www.erz.be.ch\/berufsbildungsbrief<\/a> (Newsletter)<\/p>\n<p>Kontakt: <a href=\"mailto:einsteiger@erz.be.ch\">einsteiger@erz.be.ch<\/a><\/p>\n<p>&nbsp;<\/p>\n","protected":false},"excerpt":{"rendered":"<p>Schwerpunktfach Spanisch \u00abAlle haben grosse Fortschritte gemacht\u00bb Spanisch ist eine Weltsprache. Das \u00fcberzeugte David Kammermann bei der Wahl seines Schwerpunktfachs am Gymnasium Hofwil. Der 18-j\u00e4hrige Thuner m\u00f6chte nach der Matura ausgiebig reisen und sich mit vielen Menschen verst\u00e4ndigen k\u00f6nnen. PETER BRAND Herr Kammermann, Sie belegen das Schwerpunktfach Spanisch. Warum haben Sie sich f\u00fcr dieses Fach [&hellip;]<\/p>\n","protected":false},"author":1,"featured_media":0,"parent":0,"menu_order":0,"comment_status":"closed","ping_status":"closed","template":"","meta":{"footnotes":""},"_links":{"self":[{"href":"https:\/\/www.latino13.com\/index.php?rest_route=\/wp\/v2\/pages\/1273"}],"collection":[{"href":"https:\/\/www.latino13.com\/index.php?rest_route=\/wp\/v2\/pages"}],"about":[{"href":"https:\/\/www.latino13.com\/index.php?rest_route=\/wp\/v2\/types\/page"}],"author":[{"embeddable":true,"href":"https:\/\/www.latino13.com\/index.php?rest_route=\/wp\/v2\/users\/1"}],"replies":[{"embeddable":true,"href":"https:\/\/www.latino13.com\/index.php?rest_route=%2Fwp%2Fv2%2Fcomments&post=1273"}],"version-history":[{"count":7,"href":"https:\/\/www.latino13.com\/index.php?rest_route=\/wp\/v2\/pages\/1273\/revisions"}],"predecessor-version":[{"id":1285,"href":"https:\/\/www.latino13.com\/index.php?rest_route=\/wp\/v2\/pages\/1273\/revisions\/1285"}],"wp:attachment":[{"href":"https:\/\/www.latino13.com\/index.php?rest_route=%2Fwp%2Fv2%2Fmedia&parent=1273"}],"curies":[{"name":"wp","href":"https:\/\/api.w.org\/{rel}","templated":true}]}}