{"id":399,"date":"2016-02-29T00:45:32","date_gmt":"2016-02-29T00:45:32","guid":{"rendered":"http:\/\/www.sistelvycomec.com\/Prueba\/?page_id=399"},"modified":"2018-10-21T04:05:56","modified_gmt":"2018-10-21T04:05:56","slug":"standort","status":"publish","type":"page","link":"https:\/\/www.latino13.com\/?page_id=399","title":{"rendered":"Standort"},"content":{"rendered":"<table>\n<tbody>\n<tr>\n<td>\n<p class=\"style12\" style=\"text-align: left;\" align=\"left\">Urbanizaci\u00f3n &#8220;Coraz\u00f3n de Mar\u00eda&#8221;<\/p>\n<p class=\"style12\" align=\"left\">Pasaje C1 y Pedro Freile<\/p>\n<p class=\"style12\" align=\"left\">Lote 13, casa # N58-230<\/p>\n<p class=\"style12\" align=\"left\">Parroquia Cotocollao<\/p>\n<p class=\"style12\" align=\"left\">Quito, Ecuador<\/p>\n<p class=\"style12\" align=\"left\">Telf. +593-2-2596601<\/p>\n<p class=\"style12\" align=\"left\"><strong>Mehr informationen erhalten Sie unter:<\/strong><\/p>\n<p class=\"style12\" align=\"left\">Tel. (dt\/eng\/sp): +41-62-961 55 30<\/p>\n<p class=\"style12\" align=\"left\">Tel (sp): +593-2-259 85 80<\/p>\n<\/td>\n<td><iframe loading=\"lazy\" style=\"border: 0;\" src=\"https:\/\/www.google.com\/maps\/embed?pb=!1m14!1m8!1m3!1d3989.8083292828946!2d-78.4974563!3d-0.1282233!3m2!1i1024!2i768!4f13.1!3m3!1m2!1s0x0000000000000000%3A0x44cd22564a25257a!2sLatino+13+Apartamento!5e0!3m2!1ses!2sec!4v1457520694708\" width=\"270\" height=\"270\" frameborder=\"0\" allowfullscreen=\"allowfullscreen\"><\/iframe><\/td>\n<\/tr>\n<\/tbody>\n<\/table>\n<p><a class=\"style12 style13\" href=\"mailto:info@latino13.com\">info@latino13.com<\/a><\/p>\n","protected":false},"excerpt":{"rendered":"<p>Urbanizaci\u00f3n &#8220;Coraz\u00f3n de Mar\u00eda&#8221; Pasaje C1 y Pedro Freile Lote 13, casa # N58-230 Parroquia Cotocollao Quito, Ecuador Telf. +593-2-2596601 Mehr informationen erhalten Sie unter: Tel. (dt\/eng\/sp): +41-62-961 55 30 Tel (sp): +593-2-259 85 80 info@latino13.com<\/p>\n","protected":false},"author":1,"featured_media":0,"parent":0,"menu_order":0,"comment_status":"closed","ping_status":"closed","template":"template-pagewithsidebar.php","meta":{"footnotes":""},"_links":{"self":[{"href":"https:\/\/www.latino13.com\/index.php?rest_route=\/wp\/v2\/pages\/399"}],"collection":[{"href":"https:\/\/www.latino13.com\/index.php?rest_route=\/wp\/v2\/pages"}],"about":[{"href":"https:\/\/www.latino13.com\/index.php?rest_route=\/wp\/v2\/types\/page"}],"author":[{"embeddable":true,"href":"https:\/\/www.latino13.com\/index.php?rest_route=\/wp\/v2\/users\/1"}],"replies":[{"embeddable":true,"href":"https:\/\/www.latino13.com\/index.php?rest_route=%2Fwp%2Fv2%2Fcomments&post=399"}],"version-history":[{"count":1,"href":"https:\/\/www.latino13.com\/index.php?rest_route=\/wp\/v2\/pages\/399\/revisions"}],"predecessor-version":[{"id":946,"href":"https:\/\/www.latino13.com\/index.php?rest_route=\/wp\/v2\/pages\/399\/revisions\/946"}],"wp:attachment":[{"href":"https:\/\/www.latino13.com\/index.php?rest_route=%2Fwp%2Fv2%2Fmedia&parent=399"}],"curies":[{"name":"wp","href":"https:\/\/api.w.org\/{rel}","templated":true}]}}